{"id":878,"date":"2020-06-16T12:01:48","date_gmt":"2020-06-16T10:01:48","guid":{"rendered":"https:\/\/www.shaolin-kung-fu.asso.fr\/v2\/?page_id=878"},"modified":"2023-12-11T14:17:31","modified_gmt":"2023-12-11T13:17:31","slug":"taiji-quan","status":"publish","type":"page","link":"https:\/\/www.shaolin-kung-fu.asso.fr\/v2\/taiji-quan\/","title":{"rendered":"Taiji Quan"},"content":{"rendered":"\t\t<div data-elementor-type=\"wp-post\" data-elementor-id=\"878\" class=\"elementor elementor-878\">\n\t\t\t\t\t\t<div class=\"elementor-inner\">\n\t\t\t\t<div class=\"elementor-section-wrap\">\n\t\t\t\t\t\t\t\t\t<section class=\"elementor-section elementor-top-section elementor-element elementor-element-6270ada6 elementor-section-height-min-height elementor-section-boxed elementor-section-height-default elementor-section-items-middle\" data-id=\"6270ada6\" data-element_type=\"section\" data-settings=\"{&quot;background_background&quot;:&quot;classic&quot;}\">\n\t\t\t\t\t\t\t<div class=\"elementor-background-overlay\"><\/div>\n\t\t\t\t\t\t\t<div class=\"elementor-container elementor-column-gap-default\">\n\t\t\t\t\t\t\t<div class=\"elementor-row\">\n\t\t\t\t\t<div class=\"elementor-column elementor-col-100 elementor-top-column elementor-element elementor-element-7e35d8b\" data-id=\"7e35d8b\" data-element_type=\"column\">\n\t\t\t<div class=\"elementor-column-wrap elementor-element-populated\">\n\t\t\t\t\t\t\t<div class=\"elementor-widget-wrap\">\n\t\t\t\t\t\t<section class=\"elementor-section elementor-inner-section elementor-element elementor-element-2a6c024d elementor-section-boxed elementor-section-height-default elementor-section-height-default\" data-id=\"2a6c024d\" data-element_type=\"section\">\n\t\t\t\t\t\t<div class=\"elementor-container elementor-column-gap-default\">\n\t\t\t\t\t\t\t<div class=\"elementor-row\">\n\t\t\t\t\t<div class=\"elementor-column elementor-col-100 elementor-inner-column elementor-element elementor-element-78c1ecf7\" data-id=\"78c1ecf7\" data-element_type=\"column\">\n\t\t\t<div class=\"elementor-column-wrap elementor-element-populated\">\n\t\t\t\t\t\t\t<div class=\"elementor-widget-wrap\">\n\t\t\t\t\t\t<div class=\"elementor-element elementor-element-7a4e8e93 elementor-widget elementor-widget-heading\" data-id=\"7a4e8e93\" data-element_type=\"widget\" data-widget_type=\"heading.default\">\n\t\t\t\t<div class=\"elementor-widget-container\">\n\t\t\t<p class=\"elementor-heading-title elementor-size-default\">Ecole d\u2019Arts Martiaux et de bien \u00eatrE<\/p>\t\t<\/div>\n\t\t\t\t<\/div>\n\t\t\t\t<div class=\"elementor-element elementor-element-89dfcf1 elementor-widget elementor-widget-heading\" data-id=\"89dfcf1\" data-element_type=\"widget\" data-widget_type=\"heading.default\">\n\t\t\t\t<div class=\"elementor-widget-container\">\n\t\t\t<h2 class=\"elementor-heading-title elementor-size-default\">Taiji Quan<\/h2>\t\t<\/div>\n\t\t\t\t<\/div>\n\t\t\t\t<div class=\"elementor-element elementor-element-c5495bf elementor-widget-divider--view-line elementor-widget elementor-widget-divider\" data-id=\"c5495bf\" data-element_type=\"widget\" data-widget_type=\"divider.default\">\n\t\t\t\t<div class=\"elementor-widget-container\">\n\t\t\t\t\t<div class=\"elementor-divider\">\n\t\t\t<span class=\"elementor-divider-separator\">\n\t\t\t\t\t\t<\/span>\n\t\t<\/div>\n\t\t\t\t<\/div>\n\t\t\t\t<\/div>\n\t\t\t\t<div class=\"elementor-element elementor-element-41acdee elementor-widget elementor-widget-text-editor\" data-id=\"41acdee\" data-element_type=\"widget\" data-widget_type=\"text-editor.default\">\n\t\t\t\t<div class=\"elementor-widget-container\">\n\t\t\t\t\t\t\t\t<div class=\"elementor-text-editor elementor-clearfix\">\n\t\t\t\t<blockquote class=\"wp-block-quote\"><p><br \/><cite style=\"color: white;\"><\/cite><\/p><\/blockquote>\t\t\t\t\t<\/div>\n\t\t\t\t\t\t<\/div>\n\t\t\t\t<\/div>\n\t\t\t\t<div class=\"elementor-element elementor-element-2c16d43 elementor-widget elementor-widget-spacer\" data-id=\"2c16d43\" data-element_type=\"widget\" data-widget_type=\"spacer.default\">\n\t\t\t\t<div class=\"elementor-widget-container\">\n\t\t\t\t\t<div class=\"elementor-spacer\">\n\t\t\t<div class=\"elementor-spacer-inner\"><\/div>\n\t\t<\/div>\n\t\t\t\t<\/div>\n\t\t\t\t<\/div>\n\t\t\t\t\t\t<\/div>\n\t\t\t\t\t<\/div>\n\t\t<\/div>\n\t\t\t\t\t\t\t\t<\/div>\n\t\t\t\t\t<\/div>\n\t\t<\/section>\n\t\t\t\t\t\t<\/div>\n\t\t\t\t\t<\/div>\n\t\t<\/div>\n\t\t\t\t\t\t\t\t<\/div>\n\t\t\t\t\t<\/div>\n\t\t<\/section>\n\t\t\t\t<section class=\"elementor-section elementor-top-section elementor-element elementor-element-6c43f40 elementor-section-boxed elementor-section-height-default elementor-section-height-default\" data-id=\"6c43f40\" data-element_type=\"section\">\n\t\t\t\t\t\t<div class=\"elementor-container elementor-column-gap-default\">\n\t\t\t\t\t\t\t<div class=\"elementor-row\">\n\t\t\t\t\t<div class=\"elementor-column elementor-col-100 elementor-top-column elementor-element elementor-element-415989a\" data-id=\"415989a\" data-element_type=\"column\">\n\t\t\t<div class=\"elementor-column-wrap elementor-element-populated\">\n\t\t\t\t\t\t\t<div class=\"elementor-widget-wrap\">\n\t\t\t\t\t\t<div class=\"elementor-element elementor-element-bfc0909 animated-slow elementor-invisible elementor-widget elementor-widget-text-editor\" data-id=\"bfc0909\" data-element_type=\"widget\" data-settings=\"{&quot;_animation&quot;:&quot;zoomIn&quot;}\" data-widget_type=\"text-editor.default\">\n\t\t\t\t<div class=\"elementor-widget-container\">\n\t\t\t\t\t\t\t\t<div class=\"elementor-text-editor elementor-clearfix\">\n\t\t\t\t<p style=\"text-align: center;\"><em>Professeurs\u00a0<\/em> <span style=\"text-decoration: underline;\"><strong><a href=\"https:\/\/www.shaolin-kung-fu.asso.fr\/v2\/michael-nelson\/\">Micha\u00ebl Nelson<\/a>\u00a0&amp; <a href=\"https:\/\/www.shaolin-kung-fu.asso.fr\/v2\/padshima-mossler\/\">Padshima Mossler<\/a><\/strong><br \/><\/span><\/p><h1 style=\"text-align: center;\"><span style=\"color: #ff0000;\"><a href=\"https:\/\/www.shaolin-kung-fu.asso.fr\/v2\/agenda\/\" style=\"color: #ff0000;\"><em><b>Horaires<\/b><\/em><\/a><\/span><\/h1>\t\t\t\t\t<\/div>\n\t\t\t\t\t\t<\/div>\n\t\t\t\t<\/div>\n\t\t\t\t<div class=\"elementor-element elementor-element-2e3de84c elementor-widget-divider--view-line elementor-widget elementor-widget-divider\" data-id=\"2e3de84c\" data-element_type=\"widget\" data-widget_type=\"divider.default\">\n\t\t\t\t<div class=\"elementor-widget-container\">\n\t\t\t\t\t<div class=\"elementor-divider\">\n\t\t\t<span class=\"elementor-divider-separator\">\n\t\t\t\t\t\t<\/span>\n\t\t<\/div>\n\t\t\t\t<\/div>\n\t\t\t\t<\/div>\n\t\t\t\t<section class=\"elementor-section elementor-inner-section elementor-element elementor-element-583ef85 elementor-section-full_width elementor-section-height-default elementor-section-height-default\" data-id=\"583ef85\" data-element_type=\"section\">\n\t\t\t\t\t\t<div class=\"elementor-container elementor-column-gap-default\">\n\t\t\t\t\t\t\t<div class=\"elementor-row\">\n\t\t\t\t\t<div class=\"elementor-column elementor-col-100 elementor-inner-column elementor-element elementor-element-cb5fa95\" data-id=\"cb5fa95\" data-element_type=\"column\">\n\t\t\t<div class=\"elementor-column-wrap elementor-element-populated\">\n\t\t\t\t\t\t\t<div class=\"elementor-widget-wrap\">\n\t\t\t\t\t\t<div class=\"elementor-element elementor-element-dca91ea elementor-invisible elementor-widget elementor-widget-text-editor\" data-id=\"dca91ea\" data-element_type=\"widget\" data-settings=\"{&quot;_animation&quot;:&quot;fadeIn&quot;}\" data-widget_type=\"text-editor.default\">\n\t\t\t\t<div class=\"elementor-widget-container\">\n\t\t\t\t\t\t\t\t<div class=\"elementor-text-editor elementor-clearfix\">\n\t\t\t\t<p>Le<strong> Taiji Quan <\/strong>a \u00e9t\u00e9 cr\u00e9e par <strong>Chen Wang Ting<\/strong> (1600-1680) au milieu du 17\u00e8me si\u00e8cle. Il n&rsquo;y avait alors qu&rsquo;une seule forme de Taiji Quan (qui ne portait alors pas encore ce nom et \u00e9tait simplement une \u00ab\u00a0boxe longue\u00a0\u00bb <strong>Chan Quan<\/strong>). On distingue g\u00e9n\u00e9ralement cinq styles principaux de Taiji Quan : Chen, Yang, Wu, Wu-Hao, Sun.<\/p><p><\/p>\t\t\t\t\t<\/div>\n\t\t\t\t\t\t<\/div>\n\t\t\t\t<\/div>\n\t\t\t\t<div class=\"elementor-element elementor-element-8a123bd elementor-invisible elementor-widget elementor-widget-text-editor\" data-id=\"8a123bd\" data-element_type=\"widget\" data-settings=\"{&quot;_animation&quot;:&quot;fadeIn&quot;}\" data-widget_type=\"text-editor.default\">\n\t\t\t\t<div class=\"elementor-widget-container\">\n\t\t\t\t\t\t\t\t<div class=\"elementor-text-editor elementor-clearfix\">\n\t\t\t\t<p>Le Taiji Quan tonifie et \u00e9tire en douceur la musculature et les tendons et aide \u00e0 renforcer le syst\u00e8me osseux. L&rsquo;\u00e9nergie interne bas\u00e9e sur la <b>souplesse<\/b>, contrairement \u00e0 la force musculaire, se d\u00e9veloppe avec l&rsquo;\u00e2ge et le temps pour renforcer le corps. La qualit\u00e9 de la pratique s&rsquo;am\u00e9liore donc avec les ann\u00e9es au lieu de d\u00e9cro\u00eetre. &nbsp;En lib\u00e9rant certains blocages, il peux <b>am\u00e9liorer votre sant\u00e9<\/b>. Il se pratique sous la forme d&rsquo;encha\u00eenements de mouvements lents et continus comme si l&rsquo;on d\u00e9roulait un fil de soie sans jamais le casser ni en interrompre les mouvements fluides et harmonieux.&nbsp;<\/p>\t\t\t\t\t<\/div>\n\t\t\t\t\t\t<\/div>\n\t\t\t\t<\/div>\n\t\t\t\t<div class=\"elementor-element elementor-element-c435b44 elementor-invisible elementor-widget elementor-widget-text-editor\" data-id=\"c435b44\" data-element_type=\"widget\" data-settings=\"{&quot;_animation&quot;:&quot;fadeIn&quot;}\" data-widget_type=\"text-editor.default\">\n\t\t\t\t<div class=\"elementor-widget-container\">\n\t\t\t\t\t\t\t\t<div class=\"elementor-text-editor elementor-clearfix\">\n\t\t\t\t<p>&nbsp;Les <b>armes <\/b>sont aussi pratiqu\u00e9s (dans le m\u00eame esprit) puisque \u00e0 l&rsquo;origine le Taiji Quan est un style de kungfu (Chan Quan) . Cette art Martial permet d&rsquo;am\u00e9liorer l&rsquo;\u00e9quilibre, la coordination, la souplesse, la concentration, la m\u00e9morisation, l&rsquo;amplitude de la respiration. Il fait circuler l&rsquo;\u00e9nergie dans tout le corps, favorise la ma\u00eetrise des \u00e9motions et permet un renforcement durable du corps et de l&rsquo;esprit.<\/p>\t\t\t\t\t<\/div>\n\t\t\t\t\t\t<\/div>\n\t\t\t\t<\/div>\n\t\t\t\t<div class=\"elementor-element elementor-element-276655c elementor-invisible elementor-widget elementor-widget-image\" data-id=\"276655c\" data-element_type=\"widget\" data-settings=\"{&quot;_animation&quot;:&quot;fadeInLeft&quot;}\" data-widget_type=\"image.default\">\n\t\t\t\t<div class=\"elementor-widget-container\">\n\t\t\t\t\t\t\t\t<div class=\"elementor-image\">\n\t\t\t\t\t\t\t\t\t\t\t\t<img loading=\"lazy\" decoding=\"async\" width=\"750\" height=\"401\" src=\"https:\/\/www.shaolin-kung-fu.asso.fr\/v2\/wp-content\/uploads\/2020\/06\/taijiquan.jpg\" class=\"attachment-large size-large\" alt=\"\" srcset=\"https:\/\/www.shaolin-kung-fu.asso.fr\/v2\/wp-content\/uploads\/2020\/06\/taijiquan.jpg 780w, https:\/\/www.shaolin-kung-fu.asso.fr\/v2\/wp-content\/uploads\/2020\/06\/taijiquan-300x160.jpg 300w, https:\/\/www.shaolin-kung-fu.asso.fr\/v2\/wp-content\/uploads\/2020\/06\/taijiquan-768x411.jpg 768w\" sizes=\"auto, (max-width: 750px) 100vw, 750px\" \/>\t\t\t\t\t\t\t\t\t\t\t\t\t\t<\/div>\n\t\t\t\t\t\t<\/div>\n\t\t\t\t<\/div>\n\t\t\t\t\t\t<\/div>\n\t\t\t\t\t<\/div>\n\t\t<\/div>\n\t\t\t\t\t\t\t\t<\/div>\n\t\t\t\t\t<\/div>\n\t\t<\/section>\n\t\t\t\t\t\t<\/div>\n\t\t\t\t\t<\/div>\n\t\t<\/div>\n\t\t\t\t\t\t\t\t<\/div>\n\t\t\t\t\t<\/div>\n\t\t<\/section>\n\t\t\t\t<section class=\"elementor-section elementor-top-section elementor-element elementor-element-db5f0d1 elementor-section-boxed elementor-section-height-default elementor-section-height-default\" data-id=\"db5f0d1\" data-element_type=\"section\">\n\t\t\t\t\t\t<div class=\"elementor-container elementor-column-gap-default\">\n\t\t\t\t\t\t\t<div class=\"elementor-row\">\n\t\t\t\t\t<div class=\"elementor-column elementor-col-100 elementor-top-column elementor-element elementor-element-552424f\" data-id=\"552424f\" data-element_type=\"column\">\n\t\t\t<div class=\"elementor-column-wrap elementor-element-populated\">\n\t\t\t\t\t\t\t<div class=\"elementor-widget-wrap\">\n\t\t\t\t\t\t<div class=\"elementor-element elementor-element-edeb50b elementor-widget elementor-widget-text-editor\" data-id=\"edeb50b\" data-element_type=\"widget\" data-widget_type=\"text-editor.default\">\n\t\t\t\t<div class=\"elementor-widget-container\">\n\t\t\t\t\t\t\t\t<div class=\"elementor-text-editor elementor-clearfix\">\n\t\t\t\t<h1 style=\"text-align: center;\"><span style=\"color: #ff0000;\"><a href=\"https:\/\/www.shaolin-kung-fu.asso.fr\/v2\/agenda\/\" style=\"color: #ff0000;\"><em><b>Horaires<\/b><\/em><\/a><\/span><\/h1>\t\t\t\t\t<\/div>\n\t\t\t\t\t\t<\/div>\n\t\t\t\t<\/div>\n\t\t\t\t\t\t<\/div>\n\t\t\t\t\t<\/div>\n\t\t<\/div>\n\t\t\t\t\t\t\t\t<\/div>\n\t\t\t\t\t<\/div>\n\t\t<\/section>\n\t\t\t\t\t\t\t\t\t<\/div>\n\t\t\t<\/div>\n\t\t\t\t\t<\/div>\n\t\t","protected":false},"excerpt":{"rendered":"<p>Ecole d\u2019Arts Martiaux et de bien \u00eatrE Taiji Quan Professeurs\u00a0 Micha\u00ebl Nelson\u00a0&amp; Padshima Mossler Horaires Le Taiji Quan a \u00e9t\u00e9 cr\u00e9e par Chen Wang Ting (1600-1680) au milieu du 17\u00e8me si\u00e8cle. Il n&rsquo;y avait alors qu&rsquo;une seule forme de Taiji Quan (qui ne portait alors pas encore ce nom et [&hellip;]<\/p>\n","protected":false},"author":1,"featured_media":1353,"parent":0,"menu_order":0,"comment_status":"closed","ping_status":"closed","template":"page-templates\/template-pagebuilder-full-width.php","meta":{"footnotes":""},"class_list":["post-878","page","type-page","status-publish","has-post-thumbnail","hentry"],"yoast_head":"<!-- This site is optimized with the Yoast SEO plugin v23.6 - https:\/\/yoast.com\/wordpress\/plugins\/seo\/ -->\n<title>Taiji Quan - Aubagne Martial Arts %<\/title>\n<meta name=\"robots\" content=\"index, follow, max-snippet:-1, max-image-preview:large, max-video-preview:-1\" \/>\n<link rel=\"canonical\" href=\"https:\/\/www.shaolin-kung-fu.asso.fr\/v2\/taiji-quan\/\" \/>\n<meta property=\"og:locale\" content=\"fr_FR\" \/>\n<meta property=\"og:type\" content=\"article\" \/>\n<meta property=\"og:title\" content=\"Taiji Quan - Aubagne Martial Arts %\" \/>\n<meta property=\"og:description\" content=\"Ecole d\u2019Arts Martiaux et de bien \u00eatrE Taiji Quan Professeurs\u00a0 Micha\u00ebl Nelson\u00a0&amp; Padshima Mossler Horaires Le Taiji Quan a \u00e9t\u00e9 cr\u00e9e par Chen Wang Ting (1600-1680) au milieu du 17\u00e8me si\u00e8cle. Il n&rsquo;y avait alors qu&rsquo;une seule forme de Taiji Quan (qui ne portait alors pas encore ce nom et [&hellip;]\" \/>\n<meta property=\"og:url\" content=\"https:\/\/www.shaolin-kung-fu.asso.fr\/v2\/taiji-quan\/\" \/>\n<meta property=\"og:site_name\" content=\"Aubagne Martial Arts\" \/>\n<meta property=\"article:publisher\" content=\"https:\/\/www.facebook.com\/aubagnemartialarts\/\" \/>\n<meta property=\"article:modified_time\" content=\"2023-12-11T13:17:31+00:00\" \/>\n<meta property=\"og:image\" content=\"https:\/\/www.shaolin-kung-fu.asso.fr\/v2\/wp-content\/uploads\/2020\/08\/IMG-20200829-WA0016.jpg\" \/>\n\t<meta property=\"og:image:width\" content=\"1600\" \/>\n\t<meta property=\"og:image:height\" content=\"1200\" \/>\n\t<meta property=\"og:image:type\" content=\"image\/jpeg\" \/>\n<meta name=\"twitter:card\" content=\"summary_large_image\" \/>\n<meta name=\"twitter:label1\" content=\"Dur\u00e9e de lecture estim\u00e9e\" \/>\n\t<meta name=\"twitter:data1\" content=\"2 minutes\" \/>\n<script type=\"application\/ld+json\" class=\"yoast-schema-graph\">{\"@context\":\"https:\/\/schema.org\",\"@graph\":[{\"@type\":\"WebPage\",\"@id\":\"https:\/\/www.shaolin-kung-fu.asso.fr\/v2\/taiji-quan\/\",\"url\":\"https:\/\/www.shaolin-kung-fu.asso.fr\/v2\/taiji-quan\/\",\"name\":\"Taiji Quan - Aubagne Martial Arts %\",\"isPartOf\":{\"@id\":\"https:\/\/www.shaolin-kung-fu.asso.fr\/v2\/#website\"},\"primaryImageOfPage\":{\"@id\":\"https:\/\/www.shaolin-kung-fu.asso.fr\/v2\/taiji-quan\/#primaryimage\"},\"image\":{\"@id\":\"https:\/\/www.shaolin-kung-fu.asso.fr\/v2\/taiji-quan\/#primaryimage\"},\"thumbnailUrl\":\"https:\/\/www.shaolin-kung-fu.asso.fr\/v2\/wp-content\/uploads\/2020\/08\/IMG-20200829-WA0016.jpg\",\"datePublished\":\"2020-06-16T10:01:48+00:00\",\"dateModified\":\"2023-12-11T13:17:31+00:00\",\"breadcrumb\":{\"@id\":\"https:\/\/www.shaolin-kung-fu.asso.fr\/v2\/taiji-quan\/#breadcrumb\"},\"inLanguage\":\"fr-FR\",\"potentialAction\":[{\"@type\":\"ReadAction\",\"target\":[\"https:\/\/www.shaolin-kung-fu.asso.fr\/v2\/taiji-quan\/\"]}]},{\"@type\":\"ImageObject\",\"inLanguage\":\"fr-FR\",\"@id\":\"https:\/\/www.shaolin-kung-fu.asso.fr\/v2\/taiji-quan\/#primaryimage\",\"url\":\"https:\/\/www.shaolin-kung-fu.asso.fr\/v2\/wp-content\/uploads\/2020\/08\/IMG-20200829-WA0016.jpg\",\"contentUrl\":\"https:\/\/www.shaolin-kung-fu.asso.fr\/v2\/wp-content\/uploads\/2020\/08\/IMG-20200829-WA0016.jpg\",\"width\":1600,\"height\":1200},{\"@type\":\"BreadcrumbList\",\"@id\":\"https:\/\/www.shaolin-kung-fu.asso.fr\/v2\/taiji-quan\/#breadcrumb\",\"itemListElement\":[{\"@type\":\"ListItem\",\"position\":1,\"name\":\"Accueil\",\"item\":\"https:\/\/www.shaolin-kung-fu.asso.fr\/v2\/\"},{\"@type\":\"ListItem\",\"position\":2,\"name\":\"Taiji Quan\"}]},{\"@type\":\"WebSite\",\"@id\":\"https:\/\/www.shaolin-kung-fu.asso.fr\/v2\/#website\",\"url\":\"https:\/\/www.shaolin-kung-fu.asso.fr\/v2\/\",\"name\":\"Aubagne Martial Arts\",\"description\":\"Notre association propose de partager sa passion pour les arts traditionnels, en proposant le Qi Gong, Tui na, Yoga, Taiji Quan, Kungfu, Jiujitsu Br\u00e9silien et la Self D\u00e9fense.\",\"publisher\":{\"@id\":\"https:\/\/www.shaolin-kung-fu.asso.fr\/v2\/#organization\"},\"potentialAction\":[{\"@type\":\"SearchAction\",\"target\":{\"@type\":\"EntryPoint\",\"urlTemplate\":\"https:\/\/www.shaolin-kung-fu.asso.fr\/v2\/?s={search_term_string}\"},\"query-input\":{\"@type\":\"PropertyValueSpecification\",\"valueRequired\":true,\"valueName\":\"search_term_string\"}}],\"inLanguage\":\"fr-FR\"},{\"@type\":\"Organization\",\"@id\":\"https:\/\/www.shaolin-kung-fu.asso.fr\/v2\/#organization\",\"name\":\"Aubagne Martial Arts\",\"url\":\"https:\/\/www.shaolin-kung-fu.asso.fr\/v2\/\",\"logo\":{\"@type\":\"ImageObject\",\"inLanguage\":\"fr-FR\",\"@id\":\"https:\/\/www.shaolin-kung-fu.asso.fr\/v2\/#\/schema\/logo\/image\/\",\"url\":\"https:\/\/www.shaolin-kung-fu.asso.fr\/v2\/wp-content\/uploads\/2020\/06\/cropped-aubagne-martial-artslogoblanc-1.png\",\"contentUrl\":\"https:\/\/www.shaolin-kung-fu.asso.fr\/v2\/wp-content\/uploads\/2020\/06\/cropped-aubagne-martial-artslogoblanc-1.png\",\"width\":438,\"height\":438,\"caption\":\"Aubagne Martial Arts\"},\"image\":{\"@id\":\"https:\/\/www.shaolin-kung-fu.asso.fr\/v2\/#\/schema\/logo\/image\/\"},\"sameAs\":[\"https:\/\/www.facebook.com\/aubagnemartialarts\/\",\"https:\/\/www.instagram.com\/aubagne_martial_arts\/\"]}]}<\/script>\n<!-- \/ Yoast SEO plugin. -->","yoast_head_json":{"title":"Taiji Quan - Aubagne Martial Arts %","robots":{"index":"index","follow":"follow","max-snippet":"max-snippet:-1","max-image-preview":"max-image-preview:large","max-video-preview":"max-video-preview:-1"},"canonical":"https:\/\/www.shaolin-kung-fu.asso.fr\/v2\/taiji-quan\/","og_locale":"fr_FR","og_type":"article","og_title":"Taiji Quan - Aubagne Martial Arts %","og_description":"Ecole d\u2019Arts Martiaux et de bien \u00eatrE Taiji Quan Professeurs\u00a0 Micha\u00ebl Nelson\u00a0&amp; Padshima Mossler Horaires Le Taiji Quan a \u00e9t\u00e9 cr\u00e9e par Chen Wang Ting (1600-1680) au milieu du 17\u00e8me si\u00e8cle. Il n&rsquo;y avait alors qu&rsquo;une seule forme de Taiji Quan (qui ne portait alors pas encore ce nom et [&hellip;]","og_url":"https:\/\/www.shaolin-kung-fu.asso.fr\/v2\/taiji-quan\/","og_site_name":"Aubagne Martial Arts","article_publisher":"https:\/\/www.facebook.com\/aubagnemartialarts\/","article_modified_time":"2023-12-11T13:17:31+00:00","og_image":[{"width":1600,"height":1200,"url":"https:\/\/www.shaolin-kung-fu.asso.fr\/v2\/wp-content\/uploads\/2020\/08\/IMG-20200829-WA0016.jpg","type":"image\/jpeg"}],"twitter_card":"summary_large_image","twitter_misc":{"Dur\u00e9e de lecture estim\u00e9e":"2 minutes"},"schema":{"@context":"https:\/\/schema.org","@graph":[{"@type":"WebPage","@id":"https:\/\/www.shaolin-kung-fu.asso.fr\/v2\/taiji-quan\/","url":"https:\/\/www.shaolin-kung-fu.asso.fr\/v2\/taiji-quan\/","name":"Taiji Quan - Aubagne Martial Arts %","isPartOf":{"@id":"https:\/\/www.shaolin-kung-fu.asso.fr\/v2\/#website"},"primaryImageOfPage":{"@id":"https:\/\/www.shaolin-kung-fu.asso.fr\/v2\/taiji-quan\/#primaryimage"},"image":{"@id":"https:\/\/www.shaolin-kung-fu.asso.fr\/v2\/taiji-quan\/#primaryimage"},"thumbnailUrl":"https:\/\/www.shaolin-kung-fu.asso.fr\/v2\/wp-content\/uploads\/2020\/08\/IMG-20200829-WA0016.jpg","datePublished":"2020-06-16T10:01:48+00:00","dateModified":"2023-12-11T13:17:31+00:00","breadcrumb":{"@id":"https:\/\/www.shaolin-kung-fu.asso.fr\/v2\/taiji-quan\/#breadcrumb"},"inLanguage":"fr-FR","potentialAction":[{"@type":"ReadAction","target":["https:\/\/www.shaolin-kung-fu.asso.fr\/v2\/taiji-quan\/"]}]},{"@type":"ImageObject","inLanguage":"fr-FR","@id":"https:\/\/www.shaolin-kung-fu.asso.fr\/v2\/taiji-quan\/#primaryimage","url":"https:\/\/www.shaolin-kung-fu.asso.fr\/v2\/wp-content\/uploads\/2020\/08\/IMG-20200829-WA0016.jpg","contentUrl":"https:\/\/www.shaolin-kung-fu.asso.fr\/v2\/wp-content\/uploads\/2020\/08\/IMG-20200829-WA0016.jpg","width":1600,"height":1200},{"@type":"BreadcrumbList","@id":"https:\/\/www.shaolin-kung-fu.asso.fr\/v2\/taiji-quan\/#breadcrumb","itemListElement":[{"@type":"ListItem","position":1,"name":"Accueil","item":"https:\/\/www.shaolin-kung-fu.asso.fr\/v2\/"},{"@type":"ListItem","position":2,"name":"Taiji Quan"}]},{"@type":"WebSite","@id":"https:\/\/www.shaolin-kung-fu.asso.fr\/v2\/#website","url":"https:\/\/www.shaolin-kung-fu.asso.fr\/v2\/","name":"Aubagne Martial Arts","description":"Notre association propose de partager sa passion pour les arts traditionnels, en proposant le Qi Gong, Tui na, Yoga, Taiji Quan, Kungfu, Jiujitsu Br\u00e9silien et la Self D\u00e9fense.","publisher":{"@id":"https:\/\/www.shaolin-kung-fu.asso.fr\/v2\/#organization"},"potentialAction":[{"@type":"SearchAction","target":{"@type":"EntryPoint","urlTemplate":"https:\/\/www.shaolin-kung-fu.asso.fr\/v2\/?s={search_term_string}"},"query-input":{"@type":"PropertyValueSpecification","valueRequired":true,"valueName":"search_term_string"}}],"inLanguage":"fr-FR"},{"@type":"Organization","@id":"https:\/\/www.shaolin-kung-fu.asso.fr\/v2\/#organization","name":"Aubagne Martial Arts","url":"https:\/\/www.shaolin-kung-fu.asso.fr\/v2\/","logo":{"@type":"ImageObject","inLanguage":"fr-FR","@id":"https:\/\/www.shaolin-kung-fu.asso.fr\/v2\/#\/schema\/logo\/image\/","url":"https:\/\/www.shaolin-kung-fu.asso.fr\/v2\/wp-content\/uploads\/2020\/06\/cropped-aubagne-martial-artslogoblanc-1.png","contentUrl":"https:\/\/www.shaolin-kung-fu.asso.fr\/v2\/wp-content\/uploads\/2020\/06\/cropped-aubagne-martial-artslogoblanc-1.png","width":438,"height":438,"caption":"Aubagne Martial Arts"},"image":{"@id":"https:\/\/www.shaolin-kung-fu.asso.fr\/v2\/#\/schema\/logo\/image\/"},"sameAs":["https:\/\/www.facebook.com\/aubagnemartialarts\/","https:\/\/www.instagram.com\/aubagne_martial_arts\/"]}]}},"_links":{"self":[{"href":"https:\/\/www.shaolin-kung-fu.asso.fr\/v2\/wp-json\/wp\/v2\/pages\/878","targetHints":{"allow":["GET"]}}],"collection":[{"href":"https:\/\/www.shaolin-kung-fu.asso.fr\/v2\/wp-json\/wp\/v2\/pages"}],"about":[{"href":"https:\/\/www.shaolin-kung-fu.asso.fr\/v2\/wp-json\/wp\/v2\/types\/page"}],"author":[{"embeddable":true,"href":"https:\/\/www.shaolin-kung-fu.asso.fr\/v2\/wp-json\/wp\/v2\/users\/1"}],"replies":[{"embeddable":true,"href":"https:\/\/www.shaolin-kung-fu.asso.fr\/v2\/wp-json\/wp\/v2\/comments?post=878"}],"version-history":[{"count":67,"href":"https:\/\/www.shaolin-kung-fu.asso.fr\/v2\/wp-json\/wp\/v2\/pages\/878\/revisions"}],"predecessor-version":[{"id":5932,"href":"https:\/\/www.shaolin-kung-fu.asso.fr\/v2\/wp-json\/wp\/v2\/pages\/878\/revisions\/5932"}],"wp:featuredmedia":[{"embeddable":true,"href":"https:\/\/www.shaolin-kung-fu.asso.fr\/v2\/wp-json\/wp\/v2\/media\/1353"}],"wp:attachment":[{"href":"https:\/\/www.shaolin-kung-fu.asso.fr\/v2\/wp-json\/wp\/v2\/media?parent=878"}],"curies":[{"name":"wp","href":"https:\/\/api.w.org\/{rel}","templated":true}]}}